{"id":19,"date":"2015-01-19T21:17:27","date_gmt":"2015-01-19T21:17:27","guid":{"rendered":"http:\/\/www.jkuenstle.de\/?page_id=19"},"modified":"2016-04-03T17:45:36","modified_gmt":"2016-04-03T16:45:36","slug":"impressum","status":"publish","type":"page","link":"https:\/\/www.jkuenstle.de\/?page_id=19","title":{"rendered":"Impressum"},"content":{"rendered":"<p>\u00a9 J\u00f6rg K\u00fcnstle. All rights reserved.<\/p>\n<p>J\u00f6rg K\u00fcnstle Photographie<\/p>\n<p>Weidenstr. 14<\/p>\n<p>D &#8211; 72770 Reutlingen<\/p>\n<p>St.Nr. 78327\/17205<\/p>\n<p>USt-ID Nr.: DE187291513<\/p>\n<p>Fon +49 (0)7121 923 76 2, mobil +49 (0)171 38 61 201<\/p>\n<p>j.kuenstle@t-online.de, www.jkuenstle.de<\/p>\n<p>Alle angebotenen Inhalte dienen ausschlie\u00dflich der Information. Die in dieser Site \u00f6ffentlich zug\u00e4nglich gemachten Dokumente einschlie\u00dflich anderer dazugeh\u00f6riger Daten wie z. B. Bilder, Grafiken, Programmiercodes sind urheberrechtlich gesch\u00fctzt. Verantwortlich f\u00fcr die Inhalte sind die jeweiligen Autoren. F\u00fcr Dokumente, die in elektronischer Form \u00fcber Datennetze angeboten werden, gilt uneingeschr\u00e4nkt das Urheberrechtsgesetz (UrhG). Insbesondere gilt: Einzelne Vervielf\u00e4ltigungen, z. B. Kopien und Ausdrucke, d\u00fcrfen nur zum privaten und sonstigen eigenen Gebrauch angefertigt werden (Paragraph 53 UrhG). Die Herstellung und Verbreitung von weiteren Reproduktionen ist nur mit ausdr\u00fccklicher Genehmigung des Urhebers gestattet. Der Benutzer ist f\u00fcr die Einhaltung der Rechtsvorschriften selbst verantwortlich und kann bei Missbrauch haftbar gemacht werden.<\/p>\n<p>Alle Inhalte dieser Internetpr\u00e4sentation werden wiedergegeben ohne Gew\u00e4hr f\u00fcr ihre Richtigkeit, Aktualit\u00e4t und Vollst\u00e4ndigkeit. In keinem Fall wird f\u00fcr Sch\u00e4den, die sich aus der Verwendung der abgerufenen Informationen ergeben, eine Haftung \u00fcbernommen. F\u00fcr die Inhalte der \u00fcber Hyperlinks verbundenen Angebote auf andere Sites sind die jeweiligen Betreiber verantwortlich. Die Wiedergabe von Namen und Marken auf diesen Seiten sowie in den \u00f6ffentlich zug\u00e4nglich gemachten Dokumenten berechtigt auch ohne besondere Kennzeichnung nicht zu der Annahme, dass solche Namen und Marken im Sinne des Wettbewerbs- und Markenrechts als frei zu betrachten sind und von jedermann benutzt werden d\u00fcrfen. Alle angebotenen Inhalte und Dienste sowie s\u00e4mtliches mit dieser Site zusammenh\u00e4ngendes Tun, Dulden oder Unterlassen unterliegt ausschlie\u00dflich deutschem Recht.<\/p>\n<p>Verlinkungen auf diese Website sind ausdr\u00fccklich erw\u00fcnscht.<\/p>\n<p>Theme: UBUD von elmastudio<\/p>\n<p>Powerd by WORDPRESS<\/p>\n","protected":false},"excerpt":{"rendered":"<p>\u00a9 J\u00f6rg K\u00fcnstle. All rights reserved. J\u00f6rg K\u00fcnstle Photographie Weidenstr. 14 D &#8211; 72770 Reutlingen St.Nr. 78327\/17205 USt-ID Nr.: DE187291513 Fon +49 (0)7121 923 76 2, mobil +49 (0)171 38 61 201 j.kuenstle@t-online.de, www.jkuenstle.de Alle angebotenen Inhalte dienen ausschlie\u00dflich der Information. Die in dieser Site [&hellip;]<\/p>\n","protected":false},"author":1,"featured_media":0,"parent":0,"menu_order":8,"comment_status":"closed","ping_status":"closed","template":"","meta":{"footnotes":""},"class_list":["post-19","page","type-page","status-publish","hentry"],"jetpack_sharing_enabled":true,"_links":{"self":[{"href":"https:\/\/www.jkuenstle.de\/index.php?rest_route=\/wp\/v2\/pages\/19","targetHints":{"allow":["GET"]}}],"collection":[{"href":"https:\/\/www.jkuenstle.de\/index.php?rest_route=\/wp\/v2\/pages"}],"about":[{"href":"https:\/\/www.jkuenstle.de\/index.php?rest_route=\/wp\/v2\/types\/page"}],"author":[{"embeddable":true,"href":"https:\/\/www.jkuenstle.de\/index.php?rest_route=\/wp\/v2\/users\/1"}],"replies":[{"embeddable":true,"href":"https:\/\/www.jkuenstle.de\/index.php?rest_route=%2Fwp%2Fv2%2Fcomments&post=19"}],"version-history":[{"count":4,"href":"https:\/\/www.jkuenstle.de\/index.php?rest_route=\/wp\/v2\/pages\/19\/revisions"}],"predecessor-version":[{"id":866,"href":"https:\/\/www.jkuenstle.de\/index.php?rest_route=\/wp\/v2\/pages\/19\/revisions\/866"}],"wp:attachment":[{"href":"https:\/\/www.jkuenstle.de\/index.php?rest_route=%2Fwp%2Fv2%2Fmedia&parent=19"}],"curies":[{"name":"wp","href":"https:\/\/api.w.org\/{rel}","templated":true}]}}